{"id":366,"date":"2021-10-18T20:28:30","date_gmt":"2021-10-18T18:28:30","guid":{"rendered":"https:\/\/book.cnr.it\/marconi\/?page_id=366"},"modified":"2023-11-21T10:20:42","modified_gmt":"2023-11-21T09:20:42","slug":"sale","status":"publish","type":"page","link":"https:\/\/book.cnr.it\/bibliocnrbo\/sale\/","title":{"rendered":"Sale"},"content":{"rendered":"\n<h2>Sale della sede<\/h2>\n\n\n\n<div class=\"wp-block-cover alignfull has-nv-site-bg-background-color has-background-dim\" style=\"min-height:1000px\"><div class=\"wp-block-cover__inner-container\">\n<div class=\"wp-block-group\"><div class=\"wp-block-group__inner-container\">\n<div style=\"height:1px\" aria-hidden=\"true\" class=\"wp-block-spacer\"><\/div>\n\n\n\n<div class=\"wp-block-columns\">\n<div class=\"wp-block-column is-vertically-aligned-top\" style=\"flex-basis:50%\">\n<h3 class=\"has-text-align-center has-neve-text-color-color has-text-color\">Sala Lettura Settore Centrale<\/h3>\n\n\n\n<figure class=\"wp-block-image size-large\"><img loading=\"lazy\" width=\"1024\" height=\"766\" src=\"https:\/\/book.cnr.it\/bibliocnrbo\/wp-content\/uploads\/sites\/4\/2021\/11\/salacentrale-1024x766.jpg\" alt=\"\" class=\"wp-image-435\" \/><\/figure>\n\n\n\n<p class=\"has-text-align-left has-neve-text-color-color has-text-color\">21 postazioni disponibili dal Marted\u00ec al Gioved\u00ec con orario continuato dalle 9:00 alle 17:30. La prenotazione e&#8217; obbligatoria e pu\u00f2 essere effettuata fino a 10 min prima dell&#8217;apertura della sala.    <\/p>\n\n\n\n<div class=\"wp-block-buttons is-content-justification-center\">\n<div class=\"wp-block-button is-style-primary\"><a class=\"wp-block-button__link\" href=\"https:\/\/book.cnr.it\/bibliocnrbo\/prenotazioni\/\">Controlla la disponibilit\u00e0 e prenota<\/a><\/div>\n<\/div>\n\n\n\n<div style=\"height:40px\" aria-hidden=\"true\" class=\"wp-block-spacer\"><\/div>\n<\/div>\n\n\n\n<div class=\"wp-block-column\" style=\"flex-basis:50%\">\n<h3 class=\"has-text-align-center has-neve-text-color-color has-text-color\">Sala Lettura Settore Esterno 1<\/h3>\n\n\n\n<figure class=\"wp-block-image size-large\"><img loading=\"lazy\" width=\"1024\" height=\"766\" src=\"https:\/\/book.cnr.it\/bibliocnrbo\/wp-content\/uploads\/sites\/4\/2021\/11\/settore1-1024x766.jpg\" alt=\"\" class=\"wp-image-437\" \/><\/figure>\n\n\n\n<p class=\"has-text-align-left has-neve-text-color-color has-text-color\">5 postazioni disponibili dal Marted\u00ec al Gioved\u00ec in due fasce orarie distinte: mattina 9:00 &#8211; 12:30 e pomeriggio 13:30 &#8211; 17:30.                    La prenotazione e&#8217; obbligatoria e pu\u00f2 essere effettuata fino a 10 min prima dell&#8217;inizio della fascia oraria prescelta<\/p>\n\n\n\n<div class=\"wp-block-buttons is-content-justification-center\">\n<div class=\"wp-block-button is-style-primary\"><a class=\"wp-block-button__link\" href=\"https:\/\/book.cnr.it\/bibliocnrbo\/prenotazioni\/\" target=\"_blank\" rel=\"noreferrer noopener\">Controlla la disponibilit\u00e0 e prenota<\/a><\/div>\n<\/div>\n\n\n\n<div style=\"height:40px\" aria-hidden=\"true\" class=\"wp-block-spacer\"><\/div>\n\n\n\n<p><\/p>\n<\/div>\n<\/div>\n\n\n\n<h5><\/h5>\n\n\n\n<div class=\"wp-block-columns\">\n<div class=\"wp-block-column is-vertically-aligned-center\" style=\"flex-basis:50%\">\n<h3 class=\"has-text-align-center has-neve-text-color-color has-text-color\">Sala Lettura Settore Esterno 2<\/h3>\n\n\n\n<figure class=\"wp-block-image size-large\"><img loading=\"lazy\" width=\"1024\" height=\"766\" src=\"https:\/\/book.cnr.it\/bibliocnrbo\/wp-content\/uploads\/sites\/4\/2021\/11\/Settore2-1024x766.jpg\" alt=\"\" class=\"wp-image-471\" \/><\/figure>\n\n\n\n<p class=\"has-text-align-center has-neve-text-color-color has-text-color\">6 postazioni disponibili dal Marted\u00ec al Gioved\u00ec con orario continuato dalle 9:00 alle 17:30. La prenotazione e&#8217; obbligatoria e pu\u00f2 essere effettuata fino a 10 min prima dell&#8217;apertura della sala <\/p>\n\n\n\n<div class=\"wp-block-buttons is-content-justification-center\">\n<div class=\"wp-block-button is-style-primary\"><a class=\"wp-block-button__link\" href=\"https:\/\/book.cnr.it\/bibliocnrbo\/prenotazioni\/\"> Controlla la disponibilit\u00e0 e prenota <\/a><\/div>\n<\/div>\n\n\n\n<div style=\"height:40px\" aria-hidden=\"true\" class=\"wp-block-spacer\"><\/div>\n<\/div>\n\n\n\n<div class=\"wp-block-column is-vertically-aligned-top\" style=\"flex-basis:50%\">\n<h3 class=\"has-text-align-center has-neve-text-color-color has-text-color\">Sala Lettura Primo Piano<\/h3>\n\n\n\n<figure class=\"wp-block-image size-large\"><img loading=\"lazy\" width=\"1024\" height=\"766\" src=\"https:\/\/book.cnr.it\/bibliocnrbo\/wp-content\/uploads\/sites\/4\/2021\/11\/primopiano1-1024x766.jpg\" alt=\"\" class=\"wp-image-473\" \/><\/figure>\n\n\n\n<p class=\"has-text-align-center has-neve-text-color-color has-text-color\"> 15 postazioni disponibili dal Marted\u00ec al Gioved\u00ec con orario continuato dalle 9:00 alle 17:30. La prenotazione e&#8217; obbligatoria e pu\u00f2 essere effettuata fino a 10 min prima dell&#8217;apertura della sala <\/p>\n\n\n\n<div class=\"wp-block-buttons is-content-justification-center\">\n<div class=\"wp-block-button is-style-primary\"><a class=\"wp-block-button__link\" href=\"https:\/\/book.cnr.it\/bibliocnrbo\/prenotazioni\/\"> Controlla la disponibilit\u00e0 e prenota <\/a><\/div>\n<\/div>\n\n\n\n<div style=\"height:40px\" aria-hidden=\"true\" class=\"wp-block-spacer\"><\/div>\n<\/div>\n<\/div>\n\n\n\n<div style=\"height:40px\" aria-hidden=\"true\" class=\"wp-block-spacer\"><\/div>\n<\/div><\/div>\n<\/div><\/div>\n\n\n\n<div class=\"wp-block-cover alignfull has-nv-dark-bg-background-color has-background-dim\" style=\"min-height:270px\"><div class=\"wp-block-cover__inner-container\">\n<div style=\"height:80px\" aria-hidden=\"true\" class=\"wp-block-spacer\"><\/div>\n\n\n\n<div class=\"wp-block-image is-style-rounded\"><figure class=\"aligncenter size-full\"><img loading=\"lazy\" width=\"556\" height=\"75\" src=\"https:\/\/book.cnr.it\/bibliocnrbo\/wp-content\/uploads\/sites\/4\/2021\/11\/logol.png\" alt=\"\" class=\"wp-image-478\" srcset=\"https:\/\/book.cnr.it\/bibliocnrbo\/wp-content\/uploads\/sites\/4\/2021\/11\/logol.png 556w, https:\/\/book.cnr.it\/bibliocnrbo\/wp-content\/uploads\/sites\/4\/2021\/11\/logol-300x40.png 300w\" sizes=\"(max-width: 556px) 100vw, 556px\" \/><\/figure><\/div>\n\n\n\n<div style=\"height:80px\" aria-hidden=\"true\" class=\"wp-block-spacer\"><\/div>\n<\/div><\/div>\n\n\n\n<p><\/p>\n","protected":false},"excerpt":{"rendered":"<p>Sale della sede<\/p>\n","protected":false},"author":1,"featured_media":0,"parent":0,"menu_order":0,"comment_status":"closed","ping_status":"closed","template":"","meta":{"neve_meta_sidebar":"full-width","neve_meta_container":"","neve_meta_enable_content_width":"on","neve_meta_content_width":100,"neve_meta_title_alignment":"","neve_meta_author_avatar":"","neve_post_elements_order":"","neve_meta_disable_header":"","neve_meta_disable_footer":"","neve_meta_disable_title":"on","_ti_tpc_template_sync":false,"_ti_tpc_template_id":"t3x60x1arljpehhy6mr6"},"_links":{"self":[{"href":"https:\/\/book.cnr.it\/bibliocnrbo\/wp-json\/wp\/v2\/pages\/366"}],"collection":[{"href":"https:\/\/book.cnr.it\/bibliocnrbo\/wp-json\/wp\/v2\/pages"}],"about":[{"href":"https:\/\/book.cnr.it\/bibliocnrbo\/wp-json\/wp\/v2\/types\/page"}],"author":[{"embeddable":true,"href":"https:\/\/book.cnr.it\/bibliocnrbo\/wp-json\/wp\/v2\/users\/1"}],"replies":[{"embeddable":true,"href":"https:\/\/book.cnr.it\/bibliocnrbo\/wp-json\/wp\/v2\/comments?post=366"}],"version-history":[{"count":33,"href":"https:\/\/book.cnr.it\/bibliocnrbo\/wp-json\/wp\/v2\/pages\/366\/revisions"}],"predecessor-version":[{"id":980,"href":"https:\/\/book.cnr.it\/bibliocnrbo\/wp-json\/wp\/v2\/pages\/366\/revisions\/980"}],"wp:attachment":[{"href":"https:\/\/book.cnr.it\/bibliocnrbo\/wp-json\/wp\/v2\/media?parent=366"}],"curies":[{"name":"wp","href":"https:\/\/api.w.org\/{rel}","templated":true}]}}